{"id":9035,"date":"2022-11-11T13:52:35","date_gmt":"2022-11-11T12:52:35","guid":{"rendered":"https:\/\/lemonandpearldesign.com\/?post_type=product&#038;p=9035"},"modified":"2024-03-23T23:38:50","modified_gmt":"2024-03-23T22:38:50","slug":"livre-cours-de-studio-de-photographie-de-maternite-version-francaise","status":"publish","type":"product","link":"https:\/\/lemonandpearldesign.com\/pl\/produkt\/livre-cours-de-studio-de-photographie-de-maternite-version-francaise\/","title":{"rendered":"Livre: Cours de studio de photographie de maternit\u00e9 (Version fran\u00e7aise)"},"content":{"rendered":"<div class=\"main row\">\n<div class=\"innermain container\">\n<div class=\"s-row\">\n<div class=\"centercol s-grid-9\">\n<div class=\"product-modules\">\n<div id=\"box_description\" class=\"box tab\">\n<div class=\"innerbox\">\n<div class=\"resetcss\">\n<div class=\"main row\">\n<div class=\"innermain container\">\n<div class=\"s-row\">\n<div class=\"centercol s-grid-9\">\n<div class=\"product-modules\">\n<div id=\"box_description\" class=\"box tab\">\n<div class=\"innerbox\">\n<div class=\"resetcss\">\n<p><strong>Il s&#8217;agit d&#8217;un livre imprim\u00e9 de haute qualit\u00e9 avec plus de 70 pages.<\/strong><\/p>\n<p>Ceci est la version fran\u00e7aise.<\/p>\n<p>&nbsp;<\/p>\n<p>Cher lecteur.<\/p>\n<p>Je m&#8217;appelle Monika Serek, et je suis photographe sp\u00e9cialis\u00e9e dans la photographie de grossesse, du nouveau-n\u00e9 et de l&#8217;enfance.<\/p>\n<p>Depuis 8 ans, je dirige avec succ\u00e8s ma propre soci\u00e9t\u00e9 photographique. Je fais des s\u00e9ances de photos artistiques et j&#8217;organise \u00e0 travers le monde entier des ateliers sur le th\u00e8me de la photographie,<\/p>\n<p>la post-production et la gestion de l\u2019entreprise.<\/p>\n<p>Mes images se caract\u00e9risent par des couleurs vives et exceptionnelles qui \u00e9voquent &#8220;la magie et une atmosph\u00e8re unique&#8221;.<\/p>\n<p>Durant des ann\u00e9es, j\u2019ai gagn\u00e9 de nombreux concours de photographie. En 2018, j&#8217;ai \u00e9t\u00e9 nomm\u00e9e la meilleure photographe dans le domaine du portrait de la maternit\u00e9 et de l&#8217;enfant dans le cadre du concours AFNS AWARD.<\/p>\n<p>Aujourd&#8217;hui, je voudrais vous soumettre le r\u00e9sultat de mes nombreuses ann\u00e9es de travail en studio photo, c&#8217;est \u00e0 dire le r\u00e9sum\u00e9 de mon exp\u00e9rience, de mes connaissances et de mes r\u00e9flexions sur la photographie de grossesse en studio.<\/p>\n<p>Par le biais de ce livre je vous guiderai, pas \u00e0 pas, afin de vous permettre d&#8217;effectuer une s\u00e9ance photo professionnelle de grossesse. Je vous expliquerai comment pr\u00e9parer la s\u00e9ance enti\u00e8re, comment cr\u00e9er une belle vision, comment installer la lumi\u00e8re, quel \u00e9quipement utiliser, comment positionner la future m\u00e8re &#8211; pour que chaque clich\u00e9 soit unique.<\/p>\n<p>J&#8217;ai \u00e9labor\u00e9 ce cours pour ceux qui ont besoin de connaissances sp\u00e9cifiques, de r\u00e9ponses concr\u00e8tes \u00e0 des questions, ainsi que pour ceux qui cherchent de l\u2019inspiration et une recette &#8220;cl\u00e9 en mains&#8221; pour une belle et fructueuse s\u00e9ance photos de grossesse.<\/p>\n<p>Depuis 8 ans, j&#8217;ai rencontr\u00e9 toutes les situations qu&#8217;un photographe doit conna\u00eetre. Dans ce livre, j\u2019ai recueilli les informations les plus importantes.<\/p>\n<p>Je souhaiterais remettre entre vos mains toute cette exp\u00e9rience afin que vous puissiez \u00e9largir vos horizons et suivre votre propre chemin, en d\u00e9couvrant l&#8217;inconnu&#8230;<\/p>\n<p>A travers cet ouvrage j\u2019aborde les sujets suivants :<\/p>\n<p>introduction \u00e0 la photographie de grossesse<\/p>\n<p>Pr\u00e9paration et \u00e9laboration d&#8217;une s\u00e9ance photos ainsi que mise en place d\u2019un sc\u00e9nario<\/p>\n<p>Contexte sur l\u2019inspiration<\/p>\n<p>Equipement et mat\u00e9riel photo n\u00e9cessaire<\/p>\n<p>Eclairage du studio, exemples et sch\u00e9mas<\/p>\n<p>Choix du style<\/p>\n<p>Cr\u00e9ation de la magie et du caract\u00e8re unique<\/p>\n<p>Positionnement des futures mamans<\/p>\n<p>Cr\u00e9ation des \u00e9motions<\/p>\n<p>Finalit\u00e9 aboutissant \u00e0 une conclusion<\/p>\n<p>Le cours est id\u00e9al pour ceux qui veulent s&#8217;approcher au plus pr\u00e8s d&#8217;une perfection en ayant une inspiration exacerb\u00e9e et proche de la r\u00e9alit\u00e9.<\/p>\n<p>Vous y trouverez des indices qui vous guideront sans vous en rendre compte et en toute s\u00e9r\u00e9nit\u00e9 vers une s\u00e9ance photos la s\u00e9ance photos que vous pourrez qualifer de MAGIQUE.<\/p>\n<p>Pour les futurs photogaphes &#8220;d\u00e9butants&#8221; et &#8220;avanc\u00e9s&#8221;, j&#8217;ai concentr\u00e9, au sein de cet ouvrage, tous les efforts et astuces possibles pour vous permettre d&#8217;y trouver le meilleur soutien.<\/p>\n<p>N&#8217;h\u00e9sitez pas et investissez d\u00e8s aujourd&#8217;hui.<\/p>\n<\/div>\n<\/div>\n<\/div>\n<\/div>\n<\/div>\n<\/div>\n<\/div>\n<\/div>\n<\/div>\n<\/div>\n<\/div>\n<\/div>\n<\/div>\n<\/div>\n<\/div>\n<\/div>","protected":false},"excerpt":{"rendered":"<p>Il s&#8217;agit d&#8217;un livre imprim\u00e9 de haute qualit\u00e9 avec plus de 70 pages. Ceci est la version fran\u00e7aise. &nbsp; Cher<\/p>","protected":false},"featured_media":9031,"comment_status":"open","ping_status":"closed","template":"","meta":[],"product_brand":[],"product_cat":[32],"product_tag":[],"class_list":{"0":"post-9035","1":"product","2":"type-product","3":"status-publish","4":"has-post-thumbnail","6":"product_cat-book","8":"first","9":"instock","10":"shipping-taxable","11":"purchasable","12":"product-type-simple"},"_links":{"self":[{"href":"https:\/\/lemonandpearldesign.com\/pl\/wp-json\/wp\/v2\/product\/9035","targetHints":{"allow":["GET"]}}],"collection":[{"href":"https:\/\/lemonandpearldesign.com\/pl\/wp-json\/wp\/v2\/product"}],"about":[{"href":"https:\/\/lemonandpearldesign.com\/pl\/wp-json\/wp\/v2\/types\/product"}],"replies":[{"embeddable":true,"href":"https:\/\/lemonandpearldesign.com\/pl\/wp-json\/wp\/v2\/comments?post=9035"}],"version-history":[{"count":2,"href":"https:\/\/lemonandpearldesign.com\/pl\/wp-json\/wp\/v2\/product\/9035\/revisions"}],"predecessor-version":[{"id":9251,"href":"https:\/\/lemonandpearldesign.com\/pl\/wp-json\/wp\/v2\/product\/9035\/revisions\/9251"}],"wp:featuredmedia":[{"embeddable":true,"href":"https:\/\/lemonandpearldesign.com\/pl\/wp-json\/wp\/v2\/media\/9031"}],"wp:attachment":[{"href":"https:\/\/lemonandpearldesign.com\/pl\/wp-json\/wp\/v2\/media?parent=9035"}],"wp:term":[{"taxonomy":"product_brand","embeddable":true,"href":"https:\/\/lemonandpearldesign.com\/pl\/wp-json\/wp\/v2\/product_brand?post=9035"},{"taxonomy":"product_cat","embeddable":true,"href":"https:\/\/lemonandpearldesign.com\/pl\/wp-json\/wp\/v2\/product_cat?post=9035"},{"taxonomy":"product_tag","embeddable":true,"href":"https:\/\/lemonandpearldesign.com\/pl\/wp-json\/wp\/v2\/product_tag?post=9035"}],"curies":[{"name":"wp","href":"https:\/\/api.w.org\/{rel}","templated":true}]}}