{"id":4400,"date":"2021-10-12T15:51:09","date_gmt":"2021-10-12T13:51:09","guid":{"rendered":"http:\/\/dummy.xtemos.com\/woodmart2\/elementor\/?page_id=4400"},"modified":"2022-11-23T14:15:36","modified_gmt":"2022-11-23T13:15:36","slug":"about-us","status":"publish","type":"page","link":"https:\/\/lemonandpearldesign.com\/pl\/about-us\/","title":{"rendered":"O nas"},"content":{"rendered":"<div data-elementor-type=\"wp-page\" data-elementor-id=\"4400\" class=\"elementor elementor-4400\">\n\t\t\t\t\t\t<section class=\"wd-negative-gap elementor-section elementor-top-section elementor-element elementor-element-30f4b337 elementor-section-content-middle wd-section-stretch elementor-section-boxed elementor-section-height-default elementor-section-height-default\" data-id=\"30f4b337\" data-element_type=\"section\" data-e-type=\"section\" data-settings=\"{&quot;background_background&quot;:&quot;classic&quot;}\">\n\t\t\t\t\t\t<div class=\"elementor-container elementor-column-gap-extended\">\n\t\t\t\t\t<div class=\"elementor-column elementor-col-100 elementor-top-column elementor-element elementor-element-766e45f\" data-id=\"766e45f\" data-element_type=\"column\" data-e-type=\"column\">\n\t\t\t<div class=\"elementor-widget-wrap\">\n\t\t\t\t\t\t\t<\/div>\n\t\t<\/div>\n\t\t\t\t\t<\/div>\n\t\t<\/section>\n\t\t\t\t<section class=\"wd-negative-gap elementor-section elementor-top-section elementor-element elementor-element-3c548bca elementor-reverse-tablet elementor-reverse-mobile elementor-section-boxed elementor-section-height-default elementor-section-height-default\" data-id=\"3c548bca\" data-element_type=\"section\" data-e-type=\"section\">\n\t\t\t\t\t\t<div class=\"elementor-container elementor-column-gap-default\">\n\t\t\t\t\t<div class=\"elementor-column elementor-col-50 elementor-top-column elementor-element elementor-element-1d354ed7\" data-id=\"1d354ed7\" data-element_type=\"column\" data-e-type=\"column\">\n\t\t\t<div class=\"elementor-widget-wrap elementor-element-populated\">\n\t\t\t\t\t\t<div class=\"elementor-element elementor-element-3b8f1c6 elementor-widget elementor-widget-wd_image_or_svg\" data-id=\"3b8f1c6\" data-element_type=\"widget\" data-e-type=\"widget\" data-widget_type=\"wd_image_or_svg.default\">\n\t\t\t\t<div class=\"elementor-widget-container\">\n\t\t\t\t\t\n\t\t<div class=\"wd-image text-left\">\n\t\t\t\t\t\t\t\t<img fetchpriority=\"high\" decoding=\"async\" width=\"683\" height=\"1024\" src=\"https:\/\/lemonandpearldesign.com\/wp-content\/uploads\/2022\/11\/ja-683x1024-1.jpg\" class=\"attachment-full size-full\" alt=\"\" srcset=\"https:\/\/lemonandpearldesign.com\/wp-content\/uploads\/2022\/11\/ja-683x1024-1.jpg 683w, https:\/\/lemonandpearldesign.com\/wp-content\/uploads\/2022\/11\/ja-683x1024-1-200x300.jpg 200w, https:\/\/lemonandpearldesign.com\/wp-content\/uploads\/2022\/11\/ja-683x1024-1-534x800.jpg 534w, https:\/\/lemonandpearldesign.com\/wp-content\/uploads\/2022\/11\/ja-683x1024-1-8x12.jpg 8w, https:\/\/lemonandpearldesign.com\/wp-content\/uploads\/2022\/11\/ja-683x1024-1-430x645.jpg 430w, https:\/\/lemonandpearldesign.com\/wp-content\/uploads\/2022\/11\/ja-683x1024-1-150x225.jpg 150w\" sizes=\"(max-width: 683px) 100vw, 683px\" \/>\t\t\t\t\t<\/div>\n\n\t\t\t\t\t\t<\/div>\n\t\t\t\t<\/div>\n\t\t\t\t\t<\/div>\n\t\t<\/div>\n\t\t\t\t<div class=\"elementor-column elementor-col-50 elementor-top-column elementor-element elementor-element-41a2cf9\" data-id=\"41a2cf9\" data-element_type=\"column\" data-e-type=\"column\">\n\t\t\t<div class=\"elementor-widget-wrap elementor-element-populated\">\n\t\t\t\t\t\t<div class=\"elementor-element elementor-element-98607f6 wd-width-100 elementor-widget elementor-widget-wd_title\" data-id=\"98607f6\" data-element_type=\"widget\" data-e-type=\"widget\" data-widget_type=\"wd_title.default\">\n\t\t\t\t<div class=\"elementor-widget-container\">\n\t\t\t\t\t\t\t<div class=\"title-wrapper wd-set-mb reset-last-child wd-title-color-primary wd-title-style-default wd-title-size-large text-left\">\n\n\t\t\t\t\t\t\t\t\t\t\t<div class=\"title-subtitle subtitle-color-primary subtitle-style-default wd-fontsize-xs\">\n\t\t\t\t\tMONIKA SEREK DESIGN\t\t\t\t<\/div>\n\t\t\t\n\t\t\t<div class=\"liner-continer\">\n\t\t\t\t<h4 class=\"woodmart-title-container title wd-fontsize-xxl\">O nas<\/h4> \n\t\t\t\t\t\t\t<\/div>\n\n\t\t\t\t\t<\/div>\n\t\t\t\t\t\t<\/div>\n\t\t\t\t<\/div>\n\t\t\t\t<div class=\"elementor-element elementor-element-98cda22 elementor-widget elementor-widget-wd_infobox\" data-id=\"98cda22\" data-element_type=\"widget\" data-e-type=\"widget\" data-widget_type=\"wd_infobox.default\">\n\t\t\t\t<div class=\"elementor-widget-container\">\n\t\t\t\t\t\t\t<div class=\"info-box-wrapper\">\n\t\t\t<div class=\"wd-info-box text-left box-icon-align-top box-style-base color-scheme-\">\n\t\t\t\t\n\t\t\t\t<div class=\"info-box-content\">\n\t\t\t\t\t\n\t\t\t\t\t\n\t\t\t\t\t<div class=\"info-box-inner reset-last-child\"data-elementor-setting-key=\"content\"><p>Specjalizujemy si\u0119 w dodawaniu niepowtarzalnego klimatu Twoim zdj\u0119ciom. Tworzymy rekwizyty, kt\u00f3re upi\u0119ksz\u0105 i podkre\u015bl\u0105 szczeg\u00f3lny charakter noworodkowych sesji zdj\u0119ciowych. Jeste\u015bmy pewni, \u017ce nasza magnetyczna, artystyczna pasja i styl przyci\u0105gn\u0119\u0142y Ci\u0119 do odwiedzenia naszej strony.<\/p>\n<\/div>\n\n\t\t\t\t\t\t\t\t\t<\/div>\n\n\t\t\t\t\t\t\t\t\t<a href=\"#\" class=\"wd-info-box-link wd-fill\" aria-label=\"Infobox link\"><\/a>\n\t\t\t\t\t\t\t<\/div>\n\t\t<\/div>\n\t\t\t\t\t\t<\/div>\n\t\t\t\t<\/div>\n\t\t\t\t<div class=\"elementor-element elementor-element-fe40184 elementor-widget elementor-widget-wd_infobox\" data-id=\"fe40184\" data-element_type=\"widget\" data-e-type=\"widget\" data-widget_type=\"wd_infobox.default\">\n\t\t\t\t<div class=\"elementor-widget-container\">\n\t\t\t\t\t\t\t<div class=\"info-box-wrapper\">\n\t\t\t<div class=\"wd-info-box text-left box-icon-align-top box-style-base color-scheme-\">\n\t\t\t\t\n\t\t\t\t<div class=\"info-box-content\">\n\t\t\t\t\t\n\t\t\t\t\t\n\t\t\t\t\t<div class=\"info-box-inner reset-last-child\"data-elementor-setting-key=\"content\"><p>Nasz\u0105 misj\u0105 jest, aby ka\u017cde zdj\u0119cie opowiada\u0142o wyj\u0105tkow\u0105 i pi\u0119kn\u0105 histori\u0119. Rekwizyty oferowane przez Lemon &amp; Pearl Design to ma\u0142e dzie\u0142a sztuki, wykonywane r\u0119cznie wed\u0142ug oryginalnych projekt\u00f3w, z niez\u0142omn\u0105 dba\u0142o\u015bci\u0105 o szczeg\u00f3\u0142y. Tworzone s\u0105 z my\u015bl\u0105 o najm\u0142odszych modelkach, dopiero rozpoczynaj\u0105cych swoj\u0105 przygod\u0119 w \u017cyciu. To od Twojej wyobra\u017ani zale\u017cy, czy w\u0142\u0105czysz rekwizyty do zestawu, aby nada\u0107 sesji zdj\u0119ciowej zupe\u0142nie nowe znaczenie.<\/p>\n<\/div>\n\n\t\t\t\t\t\t\t\t\t<\/div>\n\n\t\t\t\t\t\t\t\t\t<a href=\"#\" class=\"wd-info-box-link wd-fill\" aria-label=\"Infobox link\"><\/a>\n\t\t\t\t\t\t\t<\/div>\n\t\t<\/div>\n\t\t\t\t\t\t<\/div>\n\t\t\t\t<\/div>\n\t\t\t\t<div class=\"elementor-element elementor-element-f68a0b2 elementor-widget elementor-widget-wd_infobox\" data-id=\"f68a0b2\" data-element_type=\"widget\" data-e-type=\"widget\" data-widget_type=\"wd_infobox.default\">\n\t\t\t\t<div class=\"elementor-widget-container\">\n\t\t\t\t\t\t\t<div class=\"info-box-wrapper\">\n\t\t\t<div class=\"wd-info-box text-left box-icon-align-top box-style-base color-scheme-\">\n\t\t\t\t\n\t\t\t\t<div class=\"info-box-content\">\n\t\t\t\t\t\n\t\t\t\t\t\t\t\t\t\t\t<h4\t\t\t\t\t\tclass=\"info-box-title title box-title-style-default wd-fontsize-m\" data-elementor-setting-key=\"title\">\n\t\t\t\t\t\t\t\tTworzenie marki\t\t\t\t\t\t<\/h4>\n\t\t\t\t\t\n\t\t\t\t\t<div class=\"info-box-inner reset-last-child\"data-elementor-setting-key=\"content\"><p>Za\u0142o\u017cycielka Lemon &amp; Pearl Design, Monika Serek to utalentowana fotografka, kt\u00f3ra od sze\u015bciu lat z powodzeniem realizuje sesje zdj\u0119ciowe dzieci i noworodk\u00f3w. W oparciu o swoj\u0105 wiedz\u0119 i do\u015bwiadczenie zawodowe zaprojektowa\u0142a ca\u0142\u0105 lini\u0119 ubra\u0144 i gad\u017cet\u00f3w, kt\u00f3re uzupe\u0142nia\u0142y jej artystyczn\u0105 wizj\u0119. Narodzi\u0142a si\u0119 pierwsza kolekcja.<\/p>\n<\/div>\n\n\t\t\t\t\t\t\t\t\t<\/div>\n\n\t\t\t\t\t\t\t\t\t<a href=\"#\" class=\"wd-info-box-link wd-fill\" aria-label=\"Infobox link\"><\/a>\n\t\t\t\t\t\t\t<\/div>\n\t\t<\/div>\n\t\t\t\t\t\t<\/div>\n\t\t\t\t<\/div>\n\t\t\t\t<div class=\"elementor-element elementor-element-50ab40b elementor-widget elementor-widget-wd_infobox\" data-id=\"50ab40b\" data-element_type=\"widget\" data-e-type=\"widget\" data-widget_type=\"wd_infobox.default\">\n\t\t\t\t<div class=\"elementor-widget-container\">\n\t\t\t\t\t\t\t<div class=\"info-box-wrapper\">\n\t\t\t<div class=\"wd-info-box text-left box-icon-align-top box-style-base color-scheme-\">\n\t\t\t\t\n\t\t\t\t<div class=\"info-box-content\">\n\t\t\t\t\t\n\t\t\t\t\t\n\t\t\t\t\t<div class=\"info-box-inner reset-last-child\"data-elementor-setting-key=\"content\"><p>Tworzenie Lemon &amp; Pearl Design by\u0142o naturalnym post\u0119pem Moniki, kt\u00f3ra chcia\u0142a dzieli\u0107 si\u0119 swoj\u0105 pasj\u0105 i do\u015bwiadczeniem z innymi fotografami, kt\u00f3rzy chc\u0105 budowa\u0107 niesamowit\u0105 atmosfer\u0119 podczas swoich sesji zdj\u0119ciowych.<\/p>\n<\/div>\n\n\t\t\t\t\t\t\t\t\t<\/div>\n\n\t\t\t\t\t\t\t\t\t<a href=\"#\" class=\"wd-info-box-link wd-fill\" aria-label=\"Infobox link\"><\/a>\n\t\t\t\t\t\t\t<\/div>\n\t\t<\/div>\n\t\t\t\t\t\t<\/div>\n\t\t\t\t<\/div>\n\t\t\t\t<div class=\"elementor-element elementor-element-b442402 elementor-widget elementor-widget-wd_infobox\" data-id=\"b442402\" data-element_type=\"widget\" data-e-type=\"widget\" data-widget_type=\"wd_infobox.default\">\n\t\t\t\t<div class=\"elementor-widget-container\">\n\t\t\t\t\t\t\t<div class=\"info-box-wrapper\">\n\t\t\t<div class=\"wd-info-box text-left box-icon-align-top box-style-base color-scheme-\">\n\t\t\t\t\n\t\t\t\t<div class=\"info-box-content\">\n\t\t\t\t\t\n\t\t\t\t\t\t\t\t\t\t\t<h4\t\t\t\t\t\tclass=\"info-box-title title box-title-style-default wd-fontsize-m\" data-elementor-setting-key=\"title\">\n\t\t\t\t\t\t\t\tWsp\u00f3\u0142praca\t\t\t\t\t\t<\/h4>\n\t\t\t\t\t\n\t\t\t\t\t<div class=\"info-box-inner reset-last-child\"data-elementor-setting-key=\"content\"><p>Obecnie wsp\u00f3\u0142pracujemy z takimi artystami jak: <b>Kelly Brown, Sandra Hill Photography, Newborn Photography by Jade, Little Pose Newborn &amp; Baby Photography w Miami oraz innymi znanymi markami.<br \/>\n<\/b><\/p>\n<\/div>\n\n\t\t\t\t\t\t\t\t\t<\/div>\n\n\t\t\t\t\t\t\t\t\t<a href=\"#\" class=\"wd-info-box-link wd-fill\" aria-label=\"Infobox link\"><\/a>\n\t\t\t\t\t\t\t<\/div>\n\t\t<\/div>\n\t\t\t\t\t\t<\/div>\n\t\t\t\t<\/div>\n\t\t\t\t\t<\/div>\n\t\t<\/div>\n\t\t\t\t\t<\/div>\n\t\t<\/section>\n\t\t\t\t<\/div>","protected":false},"excerpt":{"rendered":"<p>SOME WORDS ABOUT US About us We specialise in adding a unique atmosphere to your photographs. We create props that<\/p>","protected":false},"author":1,"featured_media":0,"parent":0,"menu_order":0,"comment_status":"closed","ping_status":"closed","template":"","meta":{"footnotes":""},"class_list":["post-4400","page","type-page","status-publish","hentry"],"_links":{"self":[{"href":"https:\/\/lemonandpearldesign.com\/pl\/wp-json\/wp\/v2\/pages\/4400","targetHints":{"allow":["GET"]}}],"collection":[{"href":"https:\/\/lemonandpearldesign.com\/pl\/wp-json\/wp\/v2\/pages"}],"about":[{"href":"https:\/\/lemonandpearldesign.com\/pl\/wp-json\/wp\/v2\/types\/page"}],"author":[{"embeddable":true,"href":"https:\/\/lemonandpearldesign.com\/pl\/wp-json\/wp\/v2\/users\/1"}],"replies":[{"embeddable":true,"href":"https:\/\/lemonandpearldesign.com\/pl\/wp-json\/wp\/v2\/comments?post=4400"}],"version-history":[{"count":36,"href":"https:\/\/lemonandpearldesign.com\/pl\/wp-json\/wp\/v2\/pages\/4400\/revisions"}],"predecessor-version":[{"id":9445,"href":"https:\/\/lemonandpearldesign.com\/pl\/wp-json\/wp\/v2\/pages\/4400\/revisions\/9445"}],"wp:attachment":[{"href":"https:\/\/lemonandpearldesign.com\/pl\/wp-json\/wp\/v2\/media?parent=4400"}],"curies":[{"name":"wp","href":"https:\/\/api.w.org\/{rel}","templated":true}]}}